{"id":91,"date":"2021-09-28T11:15:46","date_gmt":"2021-09-28T09:15:46","guid":{"rendered":"http:\/\/www.eldorado.cz\/?page_id=91"},"modified":"2021-09-28T11:35:22","modified_gmt":"2021-09-28T09:35:22","slug":"stredisko-stare-mesto","status":"publish","type":"page","link":"https:\/\/www.eldorado.cz\/?page_id=91","title":{"rendered":"St\u0159edisko Star\u00e9 M\u011bsto"},"content":{"rendered":"\n<p><strong>Eldor\u00e1do, st\u0159edisko Star\u00e9 M\u011bsto<\/strong><br>Lip\u00ed 90, 547 01 N\u00e1chod<br>I\u010c: 627 28 997 <\/p>\n\n\n\n<p><strong>Kontakty:<\/strong><br>N\u00e1\u010deln\u00edk st\u0159ediska: Martin Sedl\u00e1\u010dek, martin.sedlacek@eldorado.cz<br>Z\u00e1stupce n\u00e1\u010deln\u00edka st\u0159ediska: Petr \u0160t\u011bp\u00e1nek, petr.stepanek@eldorado.cz<br>Hospod\u00e1\u0159 st\u0159ediska: Jakub Van\u010d\u00e1k, jakub.vancak@eldorado.cz<\/p>\n\n\n\n<p><strong>Aktivity a po\u0159\u00e1dan\u00e9 akce:<\/strong><br>letn\u00ed t\u00e1bory, instruktorsk\u00e9 odd\u00edly, pochod &#8222;Hled\u00e1n\u00ed Eldor\u00e1da&#8220;<\/p>\n\n\n\n<p><strong>Webov\u00e1 prezentace st\u0159ediska:<\/strong><br><\/p>\n","protected":false},"excerpt":{"rendered":"<p>Eldor\u00e1do, st\u0159edisko Star\u00e9 M\u011bstoLip\u00ed 90, 547 01 N\u00e1chodI\u010c: 627 28 997 Kontakty:N\u00e1\u010deln\u00edk st\u0159ediska: Martin Sedl\u00e1\u010dek, martin.sedlacek@eldorado.czZ\u00e1stupce n\u00e1\u010deln\u00edka st\u0159ediska: Petr \u0160t\u011bp\u00e1nek, petr.stepanek@eldorado.czHospod\u00e1\u0159 st\u0159ediska: Jakub Van\u010d\u00e1k, jakub.vancak@eldorado.cz Aktivity a po\u0159\u00e1dan\u00e9 akce:letn\u00ed t\u00e1bory, instruktorsk\u00e9 odd\u00edly, pochod &#8222;Hled\u00e1n\u00ed Eldor\u00e1da&#8220; Webov\u00e1 prezentace st\u0159ediska:<\/p>\n","protected":false},"author":1,"featured_media":0,"parent":0,"menu_order":0,"comment_status":"closed","ping_status":"closed","template":"","meta":{"footnotes":""},"class_list":["post-91","page","type-page","status-publish","hentry"],"_links":{"self":[{"href":"https:\/\/www.eldorado.cz\/index.php?rest_route=\/wp\/v2\/pages\/91","targetHints":{"allow":["GET"]}}],"collection":[{"href":"https:\/\/www.eldorado.cz\/index.php?rest_route=\/wp\/v2\/pages"}],"about":[{"href":"https:\/\/www.eldorado.cz\/index.php?rest_route=\/wp\/v2\/types\/page"}],"author":[{"embeddable":true,"href":"https:\/\/www.eldorado.cz\/index.php?rest_route=\/wp\/v2\/users\/1"}],"replies":[{"embeddable":true,"href":"https:\/\/www.eldorado.cz\/index.php?rest_route=%2Fwp%2Fv2%2Fcomments&post=91"}],"version-history":[{"count":4,"href":"https:\/\/www.eldorado.cz\/index.php?rest_route=\/wp\/v2\/pages\/91\/revisions"}],"predecessor-version":[{"id":107,"href":"https:\/\/www.eldorado.cz\/index.php?rest_route=\/wp\/v2\/pages\/91\/revisions\/107"}],"wp:attachment":[{"href":"https:\/\/www.eldorado.cz\/index.php?rest_route=%2Fwp%2Fv2%2Fmedia&parent=91"}],"curies":[{"name":"wp","href":"https:\/\/api.w.org\/{rel}","templated":true}]}}