{"id":50,"date":"2021-04-26T17:01:31","date_gmt":"2021-04-26T15:01:31","guid":{"rendered":"http:\/\/www.eldorado.cz\/?page_id=50"},"modified":"2021-09-28T11:26:07","modified_gmt":"2021-09-28T09:26:07","slug":"strediska","status":"publish","type":"page","link":"https:\/\/www.eldorado.cz\/?page_id=50","title":{"rendered":"St\u0159ediska"},"content":{"rendered":"\n<p><strong>Eldor\u00e1do, st\u0159edisko Star\u00e9 M\u011bsto<\/strong><br>Lip\u00ed 90, 547 01 N\u00e1chod<br>I\u010c: 627 28 997<\/p>\n\n\n\n<p><strong>Eldor\u00e1do, st\u0159edisko<\/strong> <strong>N\u00e1chod<\/strong><br>Zborovsk\u00e1 893, 547 01 N\u00e1chod<br>I\u010c: 486 50 480<\/p>\n\n\n\n<p><strong>Eldor\u00e1do, st\u0159edisko Legenda<\/strong><br>Doln\u00ed Star\u00e9 Buky 8, 541 01 Star\u00e9 Buky<br>I\u010c: 428 87 186<\/p>\n\n\n\n<p><strong>Eldor\u00e1do, TZ Dev\u00edtka<\/strong><br>\u010cechova 409, 547 01 N\u00e1chod<br>I\u010c: 708 87 772<\/p>\n","protected":false},"excerpt":{"rendered":"<p>Eldor\u00e1do, st\u0159edisko Star\u00e9 M\u011bstoLip\u00ed 90, 547 01 N\u00e1chodI\u010c: 627 28 997 Eldor\u00e1do, st\u0159edisko N\u00e1chodZborovsk\u00e1 893, 547 01 N\u00e1chodI\u010c: 486 50 480 Eldor\u00e1do, st\u0159edisko LegendaDoln\u00ed Star\u00e9 Buky 8, 541 01 Star\u00e9 BukyI\u010c: 428 87 186 Eldor\u00e1do, TZ Dev\u00edtka\u010cechova 409, 547 01 N\u00e1chodI\u010c: 708 87 772<\/p>\n","protected":false},"author":1,"featured_media":0,"parent":0,"menu_order":0,"comment_status":"closed","ping_status":"closed","template":"","meta":{"footnotes":""},"class_list":["post-50","page","type-page","status-publish","hentry"],"_links":{"self":[{"href":"https:\/\/www.eldorado.cz\/index.php?rest_route=\/wp\/v2\/pages\/50","targetHints":{"allow":["GET"]}}],"collection":[{"href":"https:\/\/www.eldorado.cz\/index.php?rest_route=\/wp\/v2\/pages"}],"about":[{"href":"https:\/\/www.eldorado.cz\/index.php?rest_route=\/wp\/v2\/types\/page"}],"author":[{"embeddable":true,"href":"https:\/\/www.eldorado.cz\/index.php?rest_route=\/wp\/v2\/users\/1"}],"replies":[{"embeddable":true,"href":"https:\/\/www.eldorado.cz\/index.php?rest_route=%2Fwp%2Fv2%2Fcomments&post=50"}],"version-history":[{"count":4,"href":"https:\/\/www.eldorado.cz\/index.php?rest_route=\/wp\/v2\/pages\/50\/revisions"}],"predecessor-version":[{"id":104,"href":"https:\/\/www.eldorado.cz\/index.php?rest_route=\/wp\/v2\/pages\/50\/revisions\/104"}],"wp:attachment":[{"href":"https:\/\/www.eldorado.cz\/index.php?rest_route=%2Fwp%2Fv2%2Fmedia&parent=50"}],"curies":[{"name":"wp","href":"https:\/\/api.w.org\/{rel}","templated":true}]}}