{"id":325,"date":"2025-07-15T12:37:46","date_gmt":"2025-07-15T10:37:46","guid":{"rendered":"https:\/\/www.eldorado.cz\/?page_id=325"},"modified":"2025-07-15T13:03:39","modified_gmt":"2025-07-15T11:03:39","slug":"ples-eldorada-2024-2","status":"publish","type":"page","link":"https:\/\/www.eldorado.cz\/?page_id=325","title":{"rendered":"Ples Eldor\u00e1da \u2013 2025"},"content":{"rendered":"\n<p>Rezervovat vstupenky je mo\u017en\u00e9&nbsp;<a href=\"https:\/\/docs.google.com\/forms\/d\/e\/1FAIpQLScr4RUCsijPtpi6ia9am_FjErX0LgL-ooobhj92skNtxeg87Q\/viewform?usp=sharing&amp;ouid=102642022302590222425\">ZDE<\/a><\/p>\n\n\n\n<p>Mrknout, kdo m\u00e1 ji\u017e rezervaci zadanou, m\u016f\u017eete\u00a0<a href=\"https:\/\/docs.google.com\/spreadsheets\/d\/e\/2PACX-1vR_d053AKRg1Cjll928DO2WOp0zMJF0YJM5xrFAxsO8YnYDrLGqP4Nu1AFK6sQPv3sMbnp_d1yc0JH-\/pubhtml?gid=0&amp;single=true\">ZDE<\/a><\/p>\n\n\n\n<figure class=\"wp-block-image size-large\"><img loading=\"lazy\" decoding=\"async\" width=\"746\" height=\"1024\" src=\"https:\/\/www.eldorado.cz\/wp-content\/uploads\/2025\/07\/Ples-Elda-2025-746x1024.png\" alt=\"\" class=\"wp-image-323\" srcset=\"https:\/\/www.eldorado.cz\/wp-content\/uploads\/2025\/07\/Ples-Elda-2025-746x1024.png 746w, https:\/\/www.eldorado.cz\/wp-content\/uploads\/2025\/07\/Ples-Elda-2025-219x300.png 219w, https:\/\/www.eldorado.cz\/wp-content\/uploads\/2025\/07\/Ples-Elda-2025.png 768w\" sizes=\"auto, (max-width: 706px) 89vw, (max-width: 767px) 82vw, 740px\" \/><\/figure>\n","protected":false},"excerpt":{"rendered":"<p>Rezervovat vstupenky je mo\u017en\u00e9&nbsp;ZDE Mrknout, kdo m\u00e1 ji\u017e rezervaci zadanou, m\u016f\u017eete\u00a0ZDE<\/p>\n","protected":false},"author":1,"featured_media":0,"parent":0,"menu_order":0,"comment_status":"closed","ping_status":"closed","template":"","meta":{"footnotes":""},"class_list":["post-325","page","type-page","status-publish","hentry"],"_links":{"self":[{"href":"https:\/\/www.eldorado.cz\/index.php?rest_route=\/wp\/v2\/pages\/325","targetHints":{"allow":["GET"]}}],"collection":[{"href":"https:\/\/www.eldorado.cz\/index.php?rest_route=\/wp\/v2\/pages"}],"about":[{"href":"https:\/\/www.eldorado.cz\/index.php?rest_route=\/wp\/v2\/types\/page"}],"author":[{"embeddable":true,"href":"https:\/\/www.eldorado.cz\/index.php?rest_route=\/wp\/v2\/users\/1"}],"replies":[{"embeddable":true,"href":"https:\/\/www.eldorado.cz\/index.php?rest_route=%2Fwp%2Fv2%2Fcomments&post=325"}],"version-history":[{"count":7,"href":"https:\/\/www.eldorado.cz\/index.php?rest_route=\/wp\/v2\/pages\/325\/revisions"}],"predecessor-version":[{"id":338,"href":"https:\/\/www.eldorado.cz\/index.php?rest_route=\/wp\/v2\/pages\/325\/revisions\/338"}],"wp:attachment":[{"href":"https:\/\/www.eldorado.cz\/index.php?rest_route=%2Fwp%2Fv2%2Fmedia&parent=325"}],"curies":[{"name":"wp","href":"https:\/\/api.w.org\/{rel}","templated":true}]}}