{"id":295,"date":"2025-01-17T10:05:23","date_gmt":"2025-01-17T09:05:23","guid":{"rendered":"https:\/\/www.eldorado.cz\/?page_id=295"},"modified":"2025-04-03T12:26:49","modified_gmt":"2025-04-03T10:26:49","slug":"premejslim-2025","status":"publish","type":"page","link":"https:\/\/www.eldorado.cz\/?page_id=295","title":{"rendered":"P\u0159emej\u0161l\u00edm 2025"},"content":{"rendered":"\n<p class=\"has-text-align-center\">Eldor\u00e1do, spolek d\u011bt\u00ed a ml\u00e1de\u017ee po\u0159\u00e1d\u00e1 tradi\u010dn\u00ed p\u0159edt\u00e1borovou d\u00edlnu<\/p>\n\n\n\n<h1 class=\"wp-block-heading has-text-align-center has-luminous-vivid-orange-color has-text-color has-x-large-font-size\"><strong>P\u0159emej\u0161l\u00edm 2025<\/strong><\/h1>\n\n\n\n<h2 class=\"wp-block-heading has-text-align-center has-black-color has-text-color has-link-color has-medium-font-size wp-elements-7edcccf4b969a92272efd6c432b83240\">11. &#8211; 13. 4. 2025<br>Hronov<br><\/h2>\n\n\n\n<h3 class=\"wp-block-heading has-text-align-right has-small-font-size\"><em>\u201eZku\u0161enost bez vzd\u011bl\u00e1n\u00ed plat\u00ed v\u00edce ne\u017e naopak vzd\u011bl\u00e1n\u00ed bez zku\u0161enosti.\u201c<\/em><\/h3>\n\n\n\n<p class=\"has-text-align-right has-small-font-size\"><small>\u2014&nbsp; Quintus Ennius \u0159\u00edmsk\u00fd spisovatel -239 &#8211; -169 p\u0159. n. l.<\/small><\/p>\n\n\n\n<p>Poj\u010fme pop\u0159emej\u0161let \u010d\u00edm obohatit leto\u0161n\u00ed t\u00e1bory z pohledu dovednost\u00ed, her a z\u00e1\u017eitk\u016f. Doba je pln\u00e1 zm\u011bn, kter\u00e9 n\u00e1s nut\u00ed reagovat a zm\u011bny p\u0159ij\u00edmat. \u00da\u010dastn\u00edci na\u0161ich t\u00e1bor\u016f tyto zm\u011bny v bezpe\u010dn\u00e9m prost\u0159ed\u00ed za\u017e\u00edvaj\u00ed tak\u00e9.<\/p>\n\n\n\n<h3 class=\"wp-block-heading has-luminous-vivid-orange-color has-text-color\"><strong>Informace pro \u00fa\u010dastn\u00edky<\/strong><\/h3>\n\n\n\n<ul class=\"wp-block-list\">\n<li>V\u00edkend s ostatn\u00edmi n\u00e1\u010deln\u00edky &#8211; &#8222;nab\u00edje\u010dka&#8220; na t\u00e1bor.<\/li>\n\n\n\n<li>Vyzkou\u0161\u00edme drobn\u00e9 hry a h\u0159\u00ed\u010dky jako inspiraci.<\/li>\n\n\n\n<li>Prob\u011bhne i n\u011bkolik p\u0159edn\u00e1\u0161ek.&nbsp;<\/li>\n\n\n\n<li>J\u00eddlo a pit\u00ed bude tak\u00e9 zaji\u0161t\u011bno.<\/li>\n<\/ul>\n\n\n\n<h3 class=\"wp-block-heading has-luminous-vivid-orange-color has-text-color\"><strong>Program<\/strong><\/h3>\n\n\n\n<ul class=\"wp-block-list\">\n<li>hry a praktick\u00e9 semin\u00e1\u0159e (hooodn\u011b)<\/li>\n\n\n\n<li>praktick\u00fd semin\u00e1\u0159 o t\u00e1bo\u0159en\u00ed v p\u0159\u00edrod\u011b (vybudov\u00e1n\u00ed maskovan\u00e9 z\u00e1kladny, p\u0159\u00edst\u0159e\u0161ky, va\u0159en\u00ed, skryt\u00fd pohyb v ter\u00e9nu, \u2026) &#8211; ur\u010deno hlavn\u011b pro t\u00e1borov\u00e9 bojovky<\/li>\n\n\n\n<li>bezpe\u010dnost pr\u00e1ce <\/li>\n\n\n\n<li>pr\u00e1vn\u00ed p\u0159edpisy vztahuj\u00edc\u00ed se k volno\u010dasu (odd\u00edlov\u00e1 \u010dinnost, t\u00e1bory, \u2026)<\/li>\n\n\n\n<li>a dal\u0161\u00ed<\/li>\n<\/ul>\n\n\n\n<h3 class=\"wp-block-heading has-luminous-vivid-orange-color has-text-color\"><strong>M\u00e1\u0161 sv\u016fj n\u00e1m\u011bt na program?<\/strong><\/h3>\n\n\n\n<p>Um\u00ed\u0161 nebo m\u00e1\u0161 n\u011bco o co by ses cht\u011bl\/a pod\u011blit s \u00fa\u010dastn\u00edky? Napi\u0161 mail s t\u00e9matem, po\u017eadovan\u00fdm \u010dasem a preferovanou dobou. Akce je otev\u0159ena pro v\u0161echny.<\/p>\n\n\n\n<h3 class=\"wp-block-heading has-luminous-vivid-orange-color has-text-color\"><strong>Kdy, kde, kolik a co sebou?<\/strong><\/h3>\n\n\n\n<p><strong>Kdy:<\/strong> p\u00e1tek 11. 4. v 19 hodin (otev\u0159eno u\u017e od 18 hod) &#8211; ned\u011ble 13. 4. 2025 po ob\u011bd\u011b (konec cca ve 14 hodin).<\/p>\n\n\n\n<p><strong>Kde:<\/strong>\u00a0 <a href=\"https:\/\/mapy.cz\/s\/bafujupezo\">D\u016fm d\u011bt\u00ed a ml\u00e1de\u017ee Domino Hronov<\/a><\/p>\n\n\n\n<p><strong>Kolik:<\/strong> 500 K\u010d. \u010c\u00edslo \u00fa\u010dtu pro uhrazen\u00ed poplatku je 2700438600\/2010. Do zpr\u00e1vy pro p\u0159\u00edjemce zadej sv\u00e9 jm\u00e9no. Poplatek je nutn\u00e9 uhradit do 10. 3. 2025.<\/p>\n\n\n\n<p>Akce je z podstatn\u00e9 \u010d\u00e1sti hrazena z rozpo\u010dtu \u00dast\u0159edn\u00ed rady Eldor\u00e1da jako pod\u011bkov\u00e1n\u00ed za va\u0161i pr\u00e1ci.<\/p>\n\n\n\n<h3 class=\"wp-block-heading has-luminous-vivid-orange-color has-text-color\"><strong>Co sebou?<\/strong><\/h3>\n\n\n\n<p>Span\u00ed v t\u011blocvi\u010dn\u011b ve <strong>spac\u00e1c\u00edch <\/strong>na <strong>karimatk\u00e1ch<\/strong>, WC (ano water), sprchy. Strava zaji\u0161t\u011bna.<br>S sebou samoz\u0159ejm\u011b v\u011bci na ven, po\u010d\u00edtat s promo\u010den\u00edm (a bude toho letos venku hodn\u011b), ale i v\u011bci na &#8222;doma&#8220; &#8211; <strong>ba\u010dkory<\/strong> (nutn\u00e9!!! &#8211; nelze chodit na boso). <\/p>\n\n\n\n<h3 class=\"wp-block-heading has-luminous-vivid-orange-color has-text-color\"><strong>Ot\u00e1zky?<\/strong><\/h3>\n\n\n\n<p>Pokud nenajde\u0161 odpov\u011b\u010f n\u00ed\u017ee, tak kontaktuj:<br>Petr \u00da\u0165a \u0160t\u011bp\u00e1n, <a href=\"mailto:uta@eldoradonachod.info\">uta@eldorado.cz<\/a>, 603 552 614<br>Ale\u0161 Huhu Hudec, <a href=\"mailto:huhu@eldorado.cz\">huhu@eldorado.cz<\/a>, 606 620 648<\/p>\n\n\n\n<p class=\"has-text-align-center has-white-color has-luminous-vivid-orange-background-color has-text-color has-background has-link-color wp-elements-fefdaceab54e151b958e6dc474a65112\"><a href=\"https:\/\/docs.google.com\/forms\/d\/e\/1FAIpQLSeroP-2ozZcrPIwULrrZgZfLHKYEi4Ib90QLNoa6ksFizB0YQ\/viewform?usp=sharing\">P\u0159ihl\u00e1\u0161ka na P\u0159emej\u0161l\u00edm 2025 &#8211; ZDE<\/a><\/p>\n\n\n\n<h3 class=\"wp-block-heading has-luminous-vivid-orange-color has-text-color\"><strong>Mohu se \u00fa\u010dastnit, i kdy\u017e nejsem \u010dlen Eldor\u00e1da?<\/strong><\/h3>\n\n\n\n<p>Pokud se zapojuje\u0161 aktivn\u011b v r\u00e1mci akc\u00ed po\u0159\u00e1dan\u00fdch Eldor\u00e1dem, a je jedno zda jsi instruktor nebo podr\u017eta\u0161ka na \u0161t\u00e1bu, pak ano.<\/p>\n\n\n\n<h3 class=\"wp-block-heading has-luminous-vivid-orange-color has-text-color\"><strong>Jak se dostanu na m\u00edsto?<\/strong><\/h3>\n\n\n\n<p>M\u00edsto kon\u00e1n\u00ed &#8211; <a href=\"https:\/\/mapy.cz\/s\/bafujupezo\">D\u016fm d\u011bt\u00ed a ml\u00e1de\u017ee Domino Hronov<\/a>, Komensk\u00e9ho n\u00e1m\u011bst\u00ed 8, Hronov<br>Autem &#8211; parkovac\u00ed m\u00edsta u Domina jsou dost vyt\u00ed\u017eena, nejlep\u0161\u00ed tedy asi <a href=\"https:\/\/mapy.cz\/s\/deduduzugo\">tady<\/a> (cca 440m)<br>Hromadnou &#8211; autobus 350m, vlak 1200m<\/p>\n\n\n\n<h3 class=\"wp-block-heading has-luminous-vivid-orange-color has-text-color\"><strong>Zaj\u00edm\u00e1 m\u011b &#8230;.<\/strong><\/h3>\n\n\n\n<p>M\u00e1\u0161 t\u00e9ma, kter\u00e9 ti vrt\u00e1 hlavou? Sv\u011b\u0159 se na mailu. Pop\u0159emej\u0161l\u00edme a pokud se zada\u0159\u00ed, tak tv\u00e9 t\u00e9ma&nbsp; za\u0159ad\u00edme do programu.<\/p>\n\n\n\n<p class=\"has-luminous-vivid-orange-color has-text-color\"><strong>Kdo je p\u0159ihl\u00e1\u0161en?<\/strong><\/p>\n\n\n\n<iframe loading=\"lazy\" src=\"https:\/\/docs.google.com\/spreadsheets\/d\/e\/2PACX-1vRFrmOf3jCf_ygjRd59nVdbBEhzp8VKNHLIjnTv0Ed6X5_45STsSnTXAWVr6VW4zo_waeYdE1fom9g0\/pubhtml?gid=0&amp;single=true&amp;widget=true&amp;headers=false\" width=\"800\" height=\"450\"><\/iframe>\n\n\n\n<p><\/p>\n","protected":false},"excerpt":{"rendered":"<p>Eldor\u00e1do, spolek d\u011bt\u00ed a ml\u00e1de\u017ee po\u0159\u00e1d\u00e1 tradi\u010dn\u00ed p\u0159edt\u00e1borovou d\u00edlnu P\u0159emej\u0161l\u00edm 2025 11. &#8211; 13. 4. 2025Hronov \u201eZku\u0161enost bez vzd\u011bl\u00e1n\u00ed plat\u00ed v\u00edce ne\u017e naopak vzd\u011bl\u00e1n\u00ed bez zku\u0161enosti.\u201c \u2014&nbsp; Quintus Ennius \u0159\u00edmsk\u00fd spisovatel -239 &#8211; -169 p\u0159. n. l. Poj\u010fme pop\u0159emej\u0161let \u010d\u00edm obohatit leto\u0161n\u00ed t\u00e1bory z pohledu dovednost\u00ed, her a z\u00e1\u017eitk\u016f. Doba je pln\u00e1 zm\u011bn, kter\u00e9 n\u00e1s &hellip; <\/p>\n<p class=\"link-more\"><a href=\"https:\/\/www.eldorado.cz\/?page_id=295\" class=\"more-link\">Pokra\u010dovat ve \u010dten\u00ed<span class=\"screen-reader-text\"> &#8222;P\u0159emej\u0161l\u00edm 2025&#8220;<\/span><\/a><\/p>\n","protected":false},"author":1,"featured_media":0,"parent":0,"menu_order":0,"comment_status":"closed","ping_status":"closed","template":"","meta":{"footnotes":""},"class_list":["post-295","page","type-page","status-publish","hentry"],"_links":{"self":[{"href":"https:\/\/www.eldorado.cz\/index.php?rest_route=\/wp\/v2\/pages\/295","targetHints":{"allow":["GET"]}}],"collection":[{"href":"https:\/\/www.eldorado.cz\/index.php?rest_route=\/wp\/v2\/pages"}],"about":[{"href":"https:\/\/www.eldorado.cz\/index.php?rest_route=\/wp\/v2\/types\/page"}],"author":[{"embeddable":true,"href":"https:\/\/www.eldorado.cz\/index.php?rest_route=\/wp\/v2\/users\/1"}],"replies":[{"embeddable":true,"href":"https:\/\/www.eldorado.cz\/index.php?rest_route=%2Fwp%2Fv2%2Fcomments&post=295"}],"version-history":[{"count":8,"href":"https:\/\/www.eldorado.cz\/index.php?rest_route=\/wp\/v2\/pages\/295\/revisions"}],"predecessor-version":[{"id":318,"href":"https:\/\/www.eldorado.cz\/index.php?rest_route=\/wp\/v2\/pages\/295\/revisions\/318"}],"wp:attachment":[{"href":"https:\/\/www.eldorado.cz\/index.php?rest_route=%2Fwp%2Fv2%2Fmedia&parent=295"}],"curies":[{"name":"wp","href":"https:\/\/api.w.org\/{rel}","templated":true}]}}