{"id":273,"date":"2024-01-16T18:18:59","date_gmt":"2024-01-16T17:18:59","guid":{"rendered":"https:\/\/www.eldorado.cz\/?page_id=273"},"modified":"2024-01-16T18:25:54","modified_gmt":"2024-01-16T17:25:54","slug":"ples-eldorada-2024","status":"publish","type":"page","link":"https:\/\/www.eldorado.cz\/?page_id=273","title":{"rendered":"Ples Eldor\u00e1da \u2013 2024"},"content":{"rendered":"\n<p>Rezervovat vstupenky je mo\u017en\u00e9\u00a0<a href=\"https:\/\/docs.google.com\/forms\/d\/e\/1FAIpQLSf6jdqXkenwZvN4JRcs-bPPTRJCBfQe1hABZ5icrz4wqcMb-Q\/viewform\">ZDE<\/a><\/p>\n\n\n\n<p>Mrknout, kdo m\u00e1 ji\u017e rezervaci zadanou, m\u016f\u017eete\u00a0<a href=\"https:\/\/docs.google.com\/spreadsheets\/d\/e\/2PACX-1vTUnJlWM8qp3C192AKwRe0LFfidmxQVDaGMsBPtuts_A3a7OFJJB19ZOUDVvp4l1sWJEhP_OI5Y2YX_\/pubhtml?gid=0&amp;single=true\" target=\"_blank\" rel=\"noreferrer noopener\">ZDE<\/a><\/p>\n\n\n\n<figure class=\"wp-block-image size-full\"><img loading=\"lazy\" decoding=\"async\" width=\"647\" height=\"900\" src=\"https:\/\/www.eldorado.cz\/wp-content\/uploads\/2024\/01\/Ples-Elda-2024.png\" alt=\"\" class=\"wp-image-274\" srcset=\"https:\/\/www.eldorado.cz\/wp-content\/uploads\/2024\/01\/Ples-Elda-2024.png 647w, https:\/\/www.eldorado.cz\/wp-content\/uploads\/2024\/01\/Ples-Elda-2024-216x300.png 216w\" sizes=\"auto, (max-width: 647px) 100vw, 647px\" \/><\/figure>\n","protected":false},"excerpt":{"rendered":"<p>Rezervovat vstupenky je mo\u017en\u00e9\u00a0ZDE Mrknout, kdo m\u00e1 ji\u017e rezervaci zadanou, m\u016f\u017eete\u00a0ZDE<\/p>\n","protected":false},"author":1,"featured_media":0,"parent":0,"menu_order":0,"comment_status":"closed","ping_status":"closed","template":"","meta":{"footnotes":""},"class_list":["post-273","page","type-page","status-publish","hentry"],"_links":{"self":[{"href":"https:\/\/www.eldorado.cz\/index.php?rest_route=\/wp\/v2\/pages\/273","targetHints":{"allow":["GET"]}}],"collection":[{"href":"https:\/\/www.eldorado.cz\/index.php?rest_route=\/wp\/v2\/pages"}],"about":[{"href":"https:\/\/www.eldorado.cz\/index.php?rest_route=\/wp\/v2\/types\/page"}],"author":[{"embeddable":true,"href":"https:\/\/www.eldorado.cz\/index.php?rest_route=\/wp\/v2\/users\/1"}],"replies":[{"embeddable":true,"href":"https:\/\/www.eldorado.cz\/index.php?rest_route=%2Fwp%2Fv2%2Fcomments&post=273"}],"version-history":[{"count":3,"href":"https:\/\/www.eldorado.cz\/index.php?rest_route=\/wp\/v2\/pages\/273\/revisions"}],"predecessor-version":[{"id":277,"href":"https:\/\/www.eldorado.cz\/index.php?rest_route=\/wp\/v2\/pages\/273\/revisions\/277"}],"wp:attachment":[{"href":"https:\/\/www.eldorado.cz\/index.php?rest_route=%2Fwp%2Fv2%2Fmedia&parent=273"}],"curies":[{"name":"wp","href":"https:\/\/api.w.org\/{rel}","templated":true}]}}