{"id":255,"date":"2024-01-16T16:35:47","date_gmt":"2024-01-16T15:35:47","guid":{"rendered":"https:\/\/www.eldorado.cz\/?page_id=255"},"modified":"2024-04-11T12:13:28","modified_gmt":"2024-04-11T10:13:28","slug":"premejslim-2024","status":"publish","type":"page","link":"https:\/\/www.eldorado.cz\/?page_id=255","title":{"rendered":"P\u0159emej\u0161l\u00edm 2024"},"content":{"rendered":"\n<p class=\"has-text-align-center\">Eldor\u00e1do, spolek d\u011bt\u00ed a ml\u00e1de\u017ee po\u0159\u00e1d\u00e1 tradi\u010dn\u00ed p\u0159edt\u00e1borovou d\u00edlnu<\/p>\n\n\n\n<p class=\"has-text-align-center has-white-color has-luminous-vivid-orange-background-color has-text-color has-background has-link-color wp-elements-064a8e79d2d7854279ddf7451aad1210\"><strong>POZOR ZM\u011aNA &#8211; POZOR ZM\u011aNA &#8211; POZOR ZM\u011aNA &#8211; POZOR ZM\u011aNA &#8211; POZOR ZM\u011aNA<\/strong><br>jin\u00e9 m\u00edsto kon\u00e1n\u00ed<\/p>\n\n\n\n<h1 class=\"wp-block-heading has-text-align-center has-vivid-green-cyan-color has-text-color has-x-large-font-size\"><strong>P\u0159emej\u0161l\u00edm 2024<\/strong><\/h1>\n\n\n\n<h2 class=\"wp-block-heading has-text-align-center has-black-color has-text-color has-link-color has-medium-font-size wp-elements-567ab45b6518265bec2a40ed07dfa83a\">19. &#8211; 21. 4. 2024<br>Chata VaK, De\u0161tn\u00e9 v Orlick\u00fdch Hor\u00e1ch<\/h2>\n\n\n\n<h3 class=\"wp-block-heading has-text-align-right has-small-font-size\"><em>\u201eZku\u0161enost bez vzd\u011bl\u00e1n\u00ed plat\u00ed v\u00edce ne\u017e naopak vzd\u011bl\u00e1n\u00ed bez zku\u0161enosti.\u201c<\/em><\/h3>\n\n\n\n<p class=\"has-text-align-right has-small-font-size\"><small>\u2014&nbsp; Quintus Ennius \u0159\u00edmsk\u00fd spisovatel -239 &#8211; -169 p\u0159. n. l.<\/small><\/p>\n\n\n\n<p>Poj\u010fme pop\u0159emej\u0161let \u010d\u00edm obohatit leto\u0161n\u00ed t\u00e1bory z pohledu dovednost\u00ed, her a z\u00e1\u017eitk\u016f. Doba je pln\u00e1 zm\u011bn, kter\u00e9 n\u00e1s nut\u00ed reagovat a zm\u011bny p\u0159ij\u00edmat. \u00da\u010dastn\u00edci na\u0161ich t\u00e1bor\u016f tyto zm\u011bny v bezpe\u010dn\u00e9m prost\u0159ed\u00ed za\u017e\u00edvaj\u00ed tak\u00e9.<\/p>\n\n\n\n<h3 class=\"wp-block-heading has-vivid-green-cyan-color has-text-color\"><strong>Informace pro \u00fa\u010dastn\u00edky<\/strong><\/h3>\n\n\n\n<ul class=\"wp-block-list\">\n<li>V\u00edkend s ostatn\u00edmi n\u00e1\u010deln\u00edky &#8211; &#8222;nab\u00edje\u010dka&#8220; na t\u00e1bor.<\/li>\n\n\n\n<li>Vyzkou\u0161\u00edme drobn\u00e9 hry a h\u0159\u00ed\u010dky jako inspiraci.<\/li>\n\n\n\n<li>Prob\u011bhne i n\u011bkolik p\u0159edn\u00e1\u0161ek.&nbsp;<\/li>\n\n\n\n<li>J\u00eddlo a pit\u00ed bude tak\u00e9 zaji\u0161t\u011bno.<\/li>\n<\/ul>\n\n\n\n<h3 class=\"wp-block-heading has-vivid-green-cyan-color has-text-color\"><strong>M\u00e1\u0161 n\u00e1m\u011bt na program?<\/strong><\/h3>\n\n\n\n<p>Um\u00ed\u0161 nebo m\u00e1\u0161 n\u011bco o co by ses cht\u011bl\/a pod\u011blit s \u00fa\u010dastn\u00edky? Napi\u0161 mail s t\u00e9matem, po\u017eadovan\u00fdm \u010dasem a preferovanou dobou. Akce je otev\u0159ena pro v\u0161echny.<\/p>\n\n\n\n<h3 class=\"wp-block-heading has-vivid-green-cyan-color has-text-color\"><strong>Kdy, kde, kolik a co sebou?<\/strong><\/h3>\n\n\n\n<p><strong>Kdy:<\/strong> p\u00e1tek 19. 4. v podve\u010der (cca v 19 hodin) &#8211; ned\u011ble 21. 4. 2024 po ob\u011bd\u011b (konec cca ve 13 hodin).<\/p>\n\n\n\n<p><strong>Kde:<\/strong>&nbsp; Chata VaK, D\u011b\u0161tn\u00e9 v Orlick\u00fdch hor\u00e1ch, D\u0159\u00ed\u0161 28 (<a href=\"http:\/\/www.chata-vak.cz\/\">www.chata-vak.cz<\/a>)<\/p>\n\n\n\n<p><strong>Kolik:<\/strong> 500 K\u010d. \u010c\u00edslo \u00fa\u010dtu pro uhrazen\u00ed poplatku je 2700438600\/2010. Do zpr\u00e1vy pro p\u0159\u00edjemce zadej sv\u00e9 jm\u00e9no. Poplatek je nutn\u00e9 uhradit do 10. 4. 2024.<\/p>\n\n\n\n<p>Akce je z podstatn\u00e9 \u010d\u00e1sti hrazena z rozpo\u010dtu \u00dast\u0159edn\u00ed rady Eldor\u00e1da jako pod\u011bkov\u00e1n\u00ed za va\u0161i pr\u00e1ci.<\/p>\n\n\n\n<h3 class=\"wp-block-heading has-vivid-green-cyan-color has-text-color\"><strong>Co sebou?<\/strong><\/h3>\n\n\n\n<p>Letos to bude op\u011bt komfort. Span\u00ed na postel\u00edch a v pe\u0159in\u00e1ch (pro prvn\u00edch 27 p\u0159ihl\u00e1\u0161en\u00fdch :-)), WC (ano water), sprchy. Strava zaji\u0161t\u011bna.<br>S sebou samoz\u0159ejm\u011b v\u011bci na ven, po\u010d\u00edtat s promo\u010den\u00edm, ale i v\u011bci na &#8222;doma&#8220; &#8211; ba\u010dkory &#8230;<\/p>\n\n\n\n<h3 class=\"wp-block-heading has-vivid-green-cyan-color has-text-color\"><strong>Ot\u00e1zky?<\/strong><\/h3>\n\n\n\n<p>Pokud nenajde\u0161 odpov\u011b\u010f n\u00ed\u017ee, tak kontaktuj:<br>Petr \u00da\u0165a \u0160t\u011bp\u00e1n, <a href=\"mailto:uta@eldoradonachod.info\">uta@eldorado.cz<\/a>, 603 552 614<br>Ale\u0161 Huhu Hudec, <a href=\"mailto:huhu@eldoradonachod.info\">huhu@eldoradonachod.info<\/a>, 606 620 648<\/p>\n\n\n\n<div class=\"wp-block-buttons is-layout-flex wp-block-buttons-is-layout-flex\">\n<div class=\"wp-block-button has-custom-width wp-block-button__width-100 is-style-fill\"><a class=\"wp-block-button__link has-vivid-green-cyan-background-color has-background wp-element-button\" href=\"https:\/\/docs.google.com\/forms\/d\/e\/1FAIpQLSc6aBUqkFOrNsQjUzyYVdmSaBxrQYI8UEJe4b_ysYW-FoUp_A\/viewform?usp=sharing\">P\u0159ihl\u00e1\u0161ka na P\u0159emej\u0161l\u00edm 2024 &#8211; ZDE<\/a><\/div>\n<\/div>\n\n\n\n<h3 class=\"wp-block-heading has-vivid-green-cyan-color has-text-color\"><strong>Mohu se \u00fa\u010dastnit, i kdy\u017e nejsem \u010dlen Eldor\u00e1da?<\/strong><\/h3>\n\n\n\n<p>Pokud se zapojuje\u0161 aktivn\u011b v r\u00e1mci akc\u00ed po\u0159\u00e1dan\u00fdch Eldor\u00e1dem, a je jedno zda jsi instruktor nebo podr\u017eta\u0161ka na \u0161t\u00e1bu, pak ano.<\/p>\n\n\n\n<h3 class=\"wp-block-heading has-vivid-green-cyan-color has-text-color\"><strong>Jak se dostanu na m\u00edsto?<\/strong><\/h3>\n\n\n\n<p>Autem &#8211; parkov\u00e1n\u00ed mo\u017en\u00e9 u penzionu<br>P\u011b\u0161ky &#8211; <a href=\"https:\/\/mapy.cz\/s\/keganakemo\">https:\/\/mapy.cz\/s\/keganakemo<\/a><\/p>\n\n\n\n<h3 class=\"wp-block-heading has-vivid-green-cyan-color has-text-color\"><strong>Zaj\u00edm\u00e1 m\u011b &#8230;.<\/strong><\/h3>\n\n\n\n<p>M\u00e1\u0161 t\u00e9ma, kter\u00e9 ti vrt\u00e1 hlavou? Sv\u011b\u0159 se na mailu. Pop\u0159emej\u0161l\u00edme a pokud se zada\u0159\u00ed, tak tv\u00e9 t\u00e9ma&nbsp; za\u0159ad\u00edme do programu.<\/p>\n\n\n\n<p class=\"has-vivid-green-cyan-color has-text-color\"><strong>Kdo je p\u0159ihl\u00e1\u0161en?<\/strong><\/p>\n\n\n\n<iframe loading=\"lazy\" src=\"https:\/\/docs.google.com\/spreadsheets\/d\/e\/2PACX-1vTz08XzOjqa2Yp7rtv6Q1ZVH42OOVvACDOmzx06FHtOGAN0gRt9qum8dF0hpNwv5Xo02yr7kpTE89C_\/pubhtml?gid=0&amp;single=true&amp;widget=true&amp;headers=false\" width=\"800\" height=\"450\"><\/iframe>\n","protected":false},"excerpt":{"rendered":"<p>Eldor\u00e1do, spolek d\u011bt\u00ed a ml\u00e1de\u017ee po\u0159\u00e1d\u00e1 tradi\u010dn\u00ed p\u0159edt\u00e1borovou d\u00edlnu POZOR ZM\u011aNA &#8211; POZOR ZM\u011aNA &#8211; POZOR ZM\u011aNA &#8211; POZOR ZM\u011aNA &#8211; POZOR ZM\u011aNAjin\u00e9 m\u00edsto kon\u00e1n\u00ed P\u0159emej\u0161l\u00edm 2024 19. &#8211; 21. 4. 2024Chata VaK, De\u0161tn\u00e9 v Orlick\u00fdch Hor\u00e1ch \u201eZku\u0161enost bez vzd\u011bl\u00e1n\u00ed plat\u00ed v\u00edce ne\u017e naopak vzd\u011bl\u00e1n\u00ed bez zku\u0161enosti.\u201c \u2014&nbsp; Quintus Ennius \u0159\u00edmsk\u00fd spisovatel -239 &#8211; -169 &hellip; <\/p>\n<p class=\"link-more\"><a href=\"https:\/\/www.eldorado.cz\/?page_id=255\" class=\"more-link\">Pokra\u010dovat ve \u010dten\u00ed<span class=\"screen-reader-text\"> &#8222;P\u0159emej\u0161l\u00edm 2024&#8220;<\/span><\/a><\/p>\n","protected":false},"author":1,"featured_media":0,"parent":0,"menu_order":0,"comment_status":"closed","ping_status":"closed","template":"","meta":{"footnotes":""},"class_list":["post-255","page","type-page","status-publish","hentry"],"_links":{"self":[{"href":"https:\/\/www.eldorado.cz\/index.php?rest_route=\/wp\/v2\/pages\/255","targetHints":{"allow":["GET"]}}],"collection":[{"href":"https:\/\/www.eldorado.cz\/index.php?rest_route=\/wp\/v2\/pages"}],"about":[{"href":"https:\/\/www.eldorado.cz\/index.php?rest_route=\/wp\/v2\/types\/page"}],"author":[{"embeddable":true,"href":"https:\/\/www.eldorado.cz\/index.php?rest_route=\/wp\/v2\/users\/1"}],"replies":[{"embeddable":true,"href":"https:\/\/www.eldorado.cz\/index.php?rest_route=%2Fwp%2Fv2%2Fcomments&post=255"}],"version-history":[{"count":11,"href":"https:\/\/www.eldorado.cz\/index.php?rest_route=\/wp\/v2\/pages\/255\/revisions"}],"predecessor-version":[{"id":296,"href":"https:\/\/www.eldorado.cz\/index.php?rest_route=\/wp\/v2\/pages\/255\/revisions\/296"}],"wp:attachment":[{"href":"https:\/\/www.eldorado.cz\/index.php?rest_route=%2Fwp%2Fv2%2Fmedia&parent=255"}],"curies":[{"name":"wp","href":"https:\/\/api.w.org\/{rel}","templated":true}]}}