{"id":22,"date":"2021-04-26T17:00:56","date_gmt":"2021-04-26T15:00:56","guid":{"rendered":"http:\/\/www.eldorado.cz\/?page_id=22"},"modified":"2022-01-26T15:11:05","modified_gmt":"2022-01-26T14:11:05","slug":"kalendar-akci","status":"publish","type":"page","link":"https:\/\/www.eldorado.cz\/?page_id=22","title":{"rendered":"Kalend\u00e1\u0159 akc\u00ed"},"content":{"rendered":"\n<iframe loading=\"lazy\" src=\"https:\/\/calendar.google.com\/calendar\/embed?height=600&#038;wkst=2&#038;bgcolor=%23ffffff&#038;ctz=Europe%2FPrague&#038;showTitle=0&#038;showTz=0&#038;src=Y19ydWhsYmVqMTdkdDI2dXByMmJucjBlcXI3Y0Bncm91cC5jYWxlbmRhci5nb29nbGUuY29t&#038;src=Y180ZzJ1YmZmc3JzbmQyNTZvOHBiZnRnM2FpZ0Bncm91cC5jYWxlbmRhci5nb29nbGUuY29t&#038;src=Y19ucHVhbWI4c3BuMGhhdmY3aTcycm83cmhjOEBncm91cC5jYWxlbmRhci5nb29nbGUuY29t&#038;src=Y185ZDloanRucGk3ZWpja3BjNjFoMmFkdXI0NEBncm91cC5jYWxlbmRhci5nb29nbGUuY29t&#038;src=ZWxkb3JhZG8uY3pfM2Y5czUzYmxkbG90YjRwcWJ0aWk2a3M4MDhAZ3JvdXAuY2FsZW5kYXIuZ29vZ2xlLmNvbQ&#038;src=Y3MuY3plY2gjaG9saWRheUBncm91cC52LmNhbGVuZGFyLmdvb2dsZS5jb20&#038;color=%23994302&#038;color=%238E24AA&#038;color=%230B8043&#038;color=%23c4c700&#038;color=%23D81B60&#038;color=%23929292\" style=\"border:solid 1px #777\" width=\"800\" height=\"600\" frameborder=\"0\" scrolling=\"no\"><\/iframe>\n","protected":false},"excerpt":{"rendered":"","protected":false},"author":1,"featured_media":0,"parent":0,"menu_order":0,"comment_status":"closed","ping_status":"closed","template":"","meta":{"footnotes":""},"class_list":["post-22","page","type-page","status-publish","hentry"],"_links":{"self":[{"href":"https:\/\/www.eldorado.cz\/index.php?rest_route=\/wp\/v2\/pages\/22","targetHints":{"allow":["GET"]}}],"collection":[{"href":"https:\/\/www.eldorado.cz\/index.php?rest_route=\/wp\/v2\/pages"}],"about":[{"href":"https:\/\/www.eldorado.cz\/index.php?rest_route=\/wp\/v2\/types\/page"}],"author":[{"embeddable":true,"href":"https:\/\/www.eldorado.cz\/index.php?rest_route=\/wp\/v2\/users\/1"}],"replies":[{"embeddable":true,"href":"https:\/\/www.eldorado.cz\/index.php?rest_route=%2Fwp%2Fv2%2Fcomments&post=22"}],"version-history":[{"count":8,"href":"https:\/\/www.eldorado.cz\/index.php?rest_route=\/wp\/v2\/pages\/22\/revisions"}],"predecessor-version":[{"id":144,"href":"https:\/\/www.eldorado.cz\/index.php?rest_route=\/wp\/v2\/pages\/22\/revisions\/144"}],"wp:attachment":[{"href":"https:\/\/www.eldorado.cz\/index.php?rest_route=%2Fwp%2Fv2%2Fmedia&parent=22"}],"curies":[{"name":"wp","href":"https:\/\/api.w.org\/{rel}","templated":true}]}}