{"id":19,"date":"2021-04-26T17:00:56","date_gmt":"2021-04-26T15:00:56","guid":{"rendered":"http:\/\/www.eldorado.cz\/?page_id=19"},"modified":"2021-09-28T12:00:26","modified_gmt":"2021-09-28T10:00:26","slug":"tz-devitka","status":"publish","type":"page","link":"https:\/\/www.eldorado.cz\/?page_id=19","title":{"rendered":"TZ Dev\u00edtka"},"content":{"rendered":"\n<p><strong>Eldor\u00e1do, TZ Dev\u00edtka<\/strong><br>\u010cechova 409, 547 01 N\u00e1chod<br>I\u010c: 708 87 772<\/p>\n\n\n\n<p><strong>Kontakty:<\/strong><br>Spr\u00e1vce z\u00e1kladny: Michaela \u010cimerov\u00e1, michaela.cimerova@eldorado.cz<\/p>\n\n\n\n<p><strong>Aktivity a po\u0159\u00e1dan\u00e9 akce:<\/strong><br>letn\u00ed t\u00e1bory pro d\u011bti i pro rodiny s d\u011btmi,  v\u00edkendov\u00e9 akce (celoro\u010dn\u011b)<\/p>\n\n\n\n<p><strong>Webov\u00e1 prezentace st\u0159ediska:<\/strong><br><a href=\"http:\/\/tz-devitka.webnode.cz\" data-type=\"URL\" data-id=\"tz-devitka.webnode.cz\">tz-devitka.webnode.cz<\/a><\/p>\n","protected":false},"excerpt":{"rendered":"<p>Eldor\u00e1do, TZ Dev\u00edtka\u010cechova 409, 547 01 N\u00e1chodI\u010c: 708 87 772 Kontakty:Spr\u00e1vce z\u00e1kladny: Michaela \u010cimerov\u00e1, michaela.cimerova@eldorado.cz Aktivity a po\u0159\u00e1dan\u00e9 akce:letn\u00ed t\u00e1bory pro d\u011bti i pro rodiny s d\u011btmi, v\u00edkendov\u00e9 akce (celoro\u010dn\u011b) Webov\u00e1 prezentace st\u0159ediska:tz-devitka.webnode.cz<\/p>\n","protected":false},"author":1,"featured_media":0,"parent":0,"menu_order":0,"comment_status":"closed","ping_status":"closed","template":"","meta":{"footnotes":""},"class_list":["post-19","page","type-page","status-publish","hentry"],"_links":{"self":[{"href":"https:\/\/www.eldorado.cz\/index.php?rest_route=\/wp\/v2\/pages\/19","targetHints":{"allow":["GET"]}}],"collection":[{"href":"https:\/\/www.eldorado.cz\/index.php?rest_route=\/wp\/v2\/pages"}],"about":[{"href":"https:\/\/www.eldorado.cz\/index.php?rest_route=\/wp\/v2\/types\/page"}],"author":[{"embeddable":true,"href":"https:\/\/www.eldorado.cz\/index.php?rest_route=\/wp\/v2\/users\/1"}],"replies":[{"embeddable":true,"href":"https:\/\/www.eldorado.cz\/index.php?rest_route=%2Fwp%2Fv2%2Fcomments&post=19"}],"version-history":[{"count":8,"href":"https:\/\/www.eldorado.cz\/index.php?rest_route=\/wp\/v2\/pages\/19\/revisions"}],"predecessor-version":[{"id":117,"href":"https:\/\/www.eldorado.cz\/index.php?rest_route=\/wp\/v2\/pages\/19\/revisions\/117"}],"wp:attachment":[{"href":"https:\/\/www.eldorado.cz\/index.php?rest_route=%2Fwp%2Fv2%2Fmedia&parent=19"}],"curies":[{"name":"wp","href":"https:\/\/api.w.org\/{rel}","templated":true}]}}