{"id":18,"date":"2021-04-26T17:00:56","date_gmt":"2021-04-26T15:00:56","guid":{"rendered":"http:\/\/www.eldorado.cz\/?page_id=18"},"modified":"2023-02-25T22:08:10","modified_gmt":"2023-02-25T21:08:10","slug":"stredisko-legenda","status":"publish","type":"page","link":"https:\/\/www.eldorado.cz\/?page_id=18","title":{"rendered":"St\u0159edisko Legenda"},"content":{"rendered":"\n<p><strong>Eldor\u00e1do, st\u0159edisko Legenda<\/strong><br>Doln\u00ed Star\u00e9 Buky 8, 541 01 Star\u00e9 Buky<br>I\u010c: 428 87 186<\/p>\n\n\n\n<p><strong>Kontakty:<\/strong><br>N\u00e1\u010deln\u00edk st\u0159ediska: Andrea Hubkov\u00e1, andrea.hubkova@eldorado.cz<br>Z\u00e1stupce n\u00e1\u010deln\u00edka st\u0159ediska: Vojt\u011bch Houska, vojtech.houska@eldorado.cz<br>Hospod\u00e1\u0159 st\u0159ediska: Ale\u0161 \u0158\u00edha, ales.riha@eldorado.cz<\/p>\n\n\n\n<p><strong>Aktivity a po\u0159\u00e1dan\u00e9 akce:<\/strong><br>letn\u00ed t\u00e1bory pro d\u011bti i pro rodiny s d\u011btmi,  v\u00edkendov\u00e9 akce (celoro\u010dn\u011b)<\/p>\n\n\n\n<p><strong>Webov\u00e1 prezentace st\u0159ediska:<\/strong><br><a href=\"http:\/\/www.tabor-legenda.cz\">www.tabor-legenda.cz<\/a><\/p>\n","protected":false},"excerpt":{"rendered":"<p>Eldor\u00e1do, st\u0159edisko LegendaDoln\u00ed Star\u00e9 Buky 8, 541 01 Star\u00e9 BukyI\u010c: 428 87 186 Kontakty:N\u00e1\u010deln\u00edk st\u0159ediska: Andrea Hubkov\u00e1, andrea.hubkova@eldorado.czZ\u00e1stupce n\u00e1\u010deln\u00edka st\u0159ediska: Vojt\u011bch Houska, vojtech.houska@eldorado.czHospod\u00e1\u0159 st\u0159ediska: Ale\u0161 \u0158\u00edha, ales.riha@eldorado.cz Aktivity a po\u0159\u00e1dan\u00e9 akce:letn\u00ed t\u00e1bory pro d\u011bti i pro rodiny s d\u011btmi, v\u00edkendov\u00e9 akce (celoro\u010dn\u011b) Webov\u00e1 prezentace st\u0159ediska:www.tabor-legenda.cz<\/p>\n","protected":false},"author":1,"featured_media":0,"parent":0,"menu_order":0,"comment_status":"closed","ping_status":"closed","template":"","meta":{"footnotes":""},"class_list":["post-18","page","type-page","status-publish","hentry"],"_links":{"self":[{"href":"https:\/\/www.eldorado.cz\/index.php?rest_route=\/wp\/v2\/pages\/18","targetHints":{"allow":["GET"]}}],"collection":[{"href":"https:\/\/www.eldorado.cz\/index.php?rest_route=\/wp\/v2\/pages"}],"about":[{"href":"https:\/\/www.eldorado.cz\/index.php?rest_route=\/wp\/v2\/types\/page"}],"author":[{"embeddable":true,"href":"https:\/\/www.eldorado.cz\/index.php?rest_route=\/wp\/v2\/users\/1"}],"replies":[{"embeddable":true,"href":"https:\/\/www.eldorado.cz\/index.php?rest_route=%2Fwp%2Fv2%2Fcomments&post=18"}],"version-history":[{"count":3,"href":"https:\/\/www.eldorado.cz\/index.php?rest_route=\/wp\/v2\/pages\/18\/revisions"}],"predecessor-version":[{"id":231,"href":"https:\/\/www.eldorado.cz\/index.php?rest_route=\/wp\/v2\/pages\/18\/revisions\/231"}],"wp:attachment":[{"href":"https:\/\/www.eldorado.cz\/index.php?rest_route=%2Fwp%2Fv2%2Fmedia&parent=18"}],"curies":[{"name":"wp","href":"https:\/\/api.w.org\/{rel}","templated":true}]}}