{"id":17,"date":"2021-04-26T17:00:56","date_gmt":"2021-04-26T15:00:56","guid":{"rendered":"http:\/\/www.eldorado.cz\/?page_id=17"},"modified":"2023-02-25T22:09:21","modified_gmt":"2023-02-25T21:09:21","slug":"stredisko-nachod","status":"publish","type":"page","link":"https:\/\/www.eldorado.cz\/?page_id=17","title":{"rendered":"St\u0159edisko N\u00e1chod"},"content":{"rendered":"\n<p><strong>Eldor\u00e1do, st\u0159edisko N\u00e1chod<\/strong><br>V T\u0159e\u0161ink\u00e1ch 2124, 547 01 N\u00e1chod<br>I\u010c: 486 50 480<\/p>\n\n\n\n<p><strong>Kontakty:<\/strong><br>N\u00e1\u010deln\u00edk st\u0159ediska: Petr \u0160t\u011bp\u00e1n, petr.stepan@eldorado.cz<br>Z\u00e1stupce n\u00e1\u010deln\u00edka st\u0159ediska: Dalibor V\u00edch, dalibor.vich@eldorado.cz<br>Hospod\u00e1\u0159 st\u0159ediska: \u0160\u00e1rka Posnarov\u00e1, sarka.posnarova@eldorado.cz<\/p>\n\n\n\n<p><strong>Aktivity a po\u0159\u00e1dan\u00e9 akce:<\/strong><br>letn\u00ed t\u00e1bory pro d\u011bti i pro rodiny s d\u011btmi, celoro\u010dn\u011b pracuj\u00edc\u00ed odd\u00edly v N\u00e1chod\u011b a Dvo\u0159e Kr\u00e1lov\u00e9, v\u00edkendov\u00e9 akce (celoro\u010dn\u011b)<\/p>\n\n\n\n<p><strong>Webov\u00e1 prezentace st\u0159ediska:<\/strong><br><a href=\"http:\/\/www.eldoradonachod.info\" data-type=\"URL\" data-id=\"www.eldoradonachod.info\">www.eldoradonachod.info<\/a><br><\/p>\n","protected":false},"excerpt":{"rendered":"<p>Eldor\u00e1do, st\u0159edisko N\u00e1chodV T\u0159e\u0161ink\u00e1ch 2124, 547 01 N\u00e1chodI\u010c: 486 50 480 Kontakty:N\u00e1\u010deln\u00edk st\u0159ediska: Petr \u0160t\u011bp\u00e1n, petr.stepan@eldorado.czZ\u00e1stupce n\u00e1\u010deln\u00edka st\u0159ediska: Dalibor V\u00edch, dalibor.vich@eldorado.czHospod\u00e1\u0159 st\u0159ediska: \u0160\u00e1rka Posnarov\u00e1, sarka.posnarova@eldorado.cz Aktivity a po\u0159\u00e1dan\u00e9 akce:letn\u00ed t\u00e1bory pro d\u011bti i pro rodiny s d\u011btmi, celoro\u010dn\u011b pracuj\u00edc\u00ed odd\u00edly v N\u00e1chod\u011b a Dvo\u0159e Kr\u00e1lov\u00e9, v\u00edkendov\u00e9 akce (celoro\u010dn\u011b) Webov\u00e1 prezentace st\u0159ediska:www.eldoradonachod.info<\/p>\n","protected":false},"author":1,"featured_media":0,"parent":0,"menu_order":0,"comment_status":"closed","ping_status":"closed","template":"","meta":{"footnotes":""},"class_list":["post-17","page","type-page","status-publish","hentry"],"_links":{"self":[{"href":"https:\/\/www.eldorado.cz\/index.php?rest_route=\/wp\/v2\/pages\/17","targetHints":{"allow":["GET"]}}],"collection":[{"href":"https:\/\/www.eldorado.cz\/index.php?rest_route=\/wp\/v2\/pages"}],"about":[{"href":"https:\/\/www.eldorado.cz\/index.php?rest_route=\/wp\/v2\/types\/page"}],"author":[{"embeddable":true,"href":"https:\/\/www.eldorado.cz\/index.php?rest_route=\/wp\/v2\/users\/1"}],"replies":[{"embeddable":true,"href":"https:\/\/www.eldorado.cz\/index.php?rest_route=%2Fwp%2Fv2%2Fcomments&post=17"}],"version-history":[{"count":4,"href":"https:\/\/www.eldorado.cz\/index.php?rest_route=\/wp\/v2\/pages\/17\/revisions"}],"predecessor-version":[{"id":232,"href":"https:\/\/www.eldorado.cz\/index.php?rest_route=\/wp\/v2\/pages\/17\/revisions\/232"}],"wp:attachment":[{"href":"https:\/\/www.eldorado.cz\/index.php?rest_route=%2Fwp%2Fv2%2Fmedia&parent=17"}],"curies":[{"name":"wp","href":"https:\/\/api.w.org\/{rel}","templated":true}]}}