{"id":149,"date":"2022-03-12T19:26:50","date_gmt":"2022-03-12T18:26:50","guid":{"rendered":"https:\/\/www.eldorado.cz\/?page_id=149"},"modified":"2022-03-15T18:54:42","modified_gmt":"2022-03-15T17:54:42","slug":"premejslim","status":"publish","type":"page","link":"https:\/\/www.eldorado.cz\/?page_id=149","title":{"rendered":"P\u0159emej\u0161l\u00edm 2022"},"content":{"rendered":"\n<p class=\"has-text-align-center\">Eldor\u00e1do, spolek d\u011bt\u00ed a ml\u00e1de\u017ee po\u0159\u00e1d\u00e1 tradi\u010dn\u00ed p\u0159edt\u00e1borovou d\u00edlnu<\/p>\n\n\n\n<h1 class=\"has-text-align-center has-vivid-green-cyan-color has-text-color has-x-large-font-size wp-block-heading\"><strong>P\u0159emej\u0161l\u00edm 2022<\/strong><\/h1>\n\n\n\n<h2 class=\"has-text-align-center has-medium-font-size wp-block-heading\">22. &#8211; 24. 4. 2022<br>TZ Stud\u00e1nka, V\u011brn\u00e9\u0159ovice u Mezim\u011bst\u00ed<\/h2>\n\n\n\n<h3 class=\"has-text-align-right has-small-font-size wp-block-heading\"><em>\u201eZku\u0161enost bez vzd\u011bl\u00e1n\u00ed plat\u00ed v\u00edce ne\u017e naopak vzd\u011bl\u00e1n\u00ed bez zku\u0161enosti.\u201c<\/em><\/h3>\n\n\n\n<p class=\"has-text-align-right has-small-font-size\"><small>\u2014&nbsp; Quintus Ennius \u0159\u00edmsk\u00fd spisovatel -239 &#8211; -169 p\u0159. n. l.<\/small><\/p>\n\n\n\n<p>Poj\u010fme pop\u0159emej\u0161let \u010d\u00edm obohatit leto\u0161n\u00ed t\u00e1bory z pohledu dovednost\u00ed, her a z\u00e1\u017eitk\u016f. Doba je pln\u00e1 zm\u011bn, kter\u00e9 n\u00e1s nut\u00ed reagovat a zm\u011bny p\u0159ij\u00edmat. \u00da\u010dastn\u00edci na\u0161ich t\u00e1bor\u016f tyto zm\u011bny v bezpe\u010dn\u00e9m prost\u0159ed\u00ed za\u017e\u00edvaj\u00ed tak\u00e9.<\/p>\n\n\n\n<h3 class=\"has-vivid-green-cyan-color has-text-color wp-block-heading\"><strong>Informace pro \u00fa\u010dastn\u00edky<\/strong><\/h3>\n\n\n\n<ul class=\"wp-block-list\"><li>V\u00edkend v p\u0159\u00edrod\u011b &#8211; zvyka\u010dka na t\u00e1bor.<\/li><li>Vyzkou\u0161\u00edme drobn\u00e9 hry a h\u0159\u00ed\u010dky jako inspiraci na t\u00e1bor.<\/li><li>Prob\u011bhne i n\u011bkolik p\u0159edn\u00e1\u0161ek.&nbsp;<\/li><li>J\u00eddlo a pit\u00ed bude tak\u00e9 zaji\u0161t\u011bno.<\/li><\/ul>\n\n\n\n<h3 class=\"has-vivid-green-cyan-color has-text-color wp-block-heading\"><strong>Informace pro p\u0159isp\u011bvatele<\/strong><\/h3>\n\n\n\n<p>Um\u00ed\u0161 nebo m\u00e1\u0161 n\u011bco o co by ses cht\u011bl\/a pod\u011blit s \u00fa\u010dastn\u00edky? Napi\u0161 mail s t\u00e9matem, po\u017eadovan\u00fdm \u010dasem a preferovanou dobou. Akce je otev\u0159ena pro v\u0161echny.<\/p>\n\n\n\n<h3 class=\"has-vivid-green-cyan-color has-text-color wp-block-heading\"><strong>Kdy, kde, kolik a co sebou?<\/strong><\/h3>\n\n\n\n<p>Kdy: p\u00e1tek 22. 4. v podve\u010der (cca v 19 hodin) &#8211; ned\u011ble 24. 4. 2022 po ob\u011bd\u011b (konec cca ve 13 hodin).<\/p>\n\n\n\n<p>Kde:&nbsp; TZ Stud\u00e1nka, Vern\u00e9\u0159ovice<\/p>\n\n\n\n<p>Kolik: 200 K\u010d. \u010c\u00edslo \u00fa\u010dtu pro uhrazen\u00ed poplatku je 2700438600\/2010. Do zpr\u00e1vy pro p\u0159\u00edjemce zadej sv\u00e9 jm\u00e9no.<\/p>\n\n\n\n<p>Akce je hrazena z rozpo\u010dtu \u00dast\u0159edn\u00ed rady Eldor\u00e1da jako pod\u011bkov\u00e1n\u00ed za va\u0161i pr\u00e1ci.<\/p>\n\n\n\n<h3 class=\"has-vivid-green-cyan-color has-text-color wp-block-heading\"><strong>Co sebou?<\/strong><\/h3>\n\n\n\n<p>Span\u00ed bude asi tak jako na v\u00edkendovce &#8211; pod \u0161ir\u00e1kem, pod st\u0159echou, mo\u017en\u00e1 ve stanu. Pokud bude voda a d\u0159evo lze vyu\u017e\u00edt saunu.<\/p>\n\n\n\n<h3 class=\"has-vivid-green-cyan-color has-text-color wp-block-heading\"><strong>Ot\u00e1zky?<\/strong><\/h3>\n\n\n\n<p>Pokud nenajde\u0161 odpov\u011b\u010f n\u00ed\u017ee, tak kontaktuj<\/p>\n\n\n\n<p>Petr \u00da\u0165a \u0160t\u011bp\u00e1n, <a href=\"mailto:uta@eldoradonachod.info\">uta@eldoradonachod.info<\/a>, 603 552 614<\/p>\n\n\n\n<p>Ale\u0161 Huhu Hudec, <a href=\"mailto:huhu@eldoradonachod.info\">huhu@eldoradonachod.info<\/a>, 606 620 648<\/p>\n\n\n\n<div class=\"wp-block-buttons is-content-justification-center is-layout-flex wp-container-core-buttons-is-layout-16018d1d wp-block-buttons-is-layout-flex\">\n<div class=\"wp-block-button aligncenter is-style-fill\"><a class=\"wp-block-button__link has-vivid-green-cyan-background-color has-background\" href=\"https:\/\/forms.gle\/c4BDfkYctyw4Mg2m9\">                                                                  P\u0159ihl\u00e1\u0161ka na P\u0159emej\u0161l\u00edm 2022                                                                  <\/a><\/div>\n<\/div>\n\n\n\n<h3 class=\"wp-block-heading\"><strong>Rozd\u00edl mezi P\u0159emej\u0161l\u00edm a EVZ?<\/strong><\/h3>\n\n\n\n<p>P\u0159emej\u0161l\u00edm orientujeme na praktick\u00e9 dovednosti a hlavn\u011b vlastn\u00ed zku\u0161enost. EVZka je zam\u011b\u0159ena v\u00edce na teorii.<\/p>\n\n\n\n<h3 class=\"wp-block-heading\"><strong>Mohu se \u00fa\u010dastnit, i kdy\u017e nejsem \u010dlen Eldor\u00e1da?<\/strong><\/h3>\n\n\n\n<p>Pokud se zapojuje\u0161 aktivn\u011b v r\u00e1mci akc\u00ed po\u0159\u00e1dan\u00fdch Eldor\u00e1dem, a je jedno zda jsi instruktor nebo podr\u017eta\u0161ka na \u0161t\u00e1bu, pak ano.<\/p>\n\n\n\n<h3 class=\"wp-block-heading\"><strong>Jak se dostanu na m\u00edsto?<\/strong><\/h3>\n\n\n\n<p>Sleduj tuto str\u00e1nku. Bude zde odkaz na nab\u00eddku a popt\u00e1vku spoluj\u00edzdy.<\/p>\n\n\n\n<h3 class=\"wp-block-heading\"><strong>Zaj\u00edm\u00e1 m\u011b &#8230;.<\/strong><\/h3>\n\n\n\n<p>M\u00e1\u0161 t\u00e9ma, kter\u00e9 ti vrt\u00e1 hlavou? Sv\u011b\u0159 se na mailu. Pop\u0159emej\u0161l\u00edme a pokud se zada\u0159\u00ed, tak tv\u00e9 t\u00e9ma&nbsp; zkus\u00edme za\u0159adit do programu.<\/p>\n","protected":false},"excerpt":{"rendered":"<p>Eldor\u00e1do, spolek d\u011bt\u00ed a ml\u00e1de\u017ee po\u0159\u00e1d\u00e1 tradi\u010dn\u00ed p\u0159edt\u00e1borovou d\u00edlnu P\u0159emej\u0161l\u00edm 2022 22. &#8211; 24. 4. 2022TZ Stud\u00e1nka, V\u011brn\u00e9\u0159ovice u Mezim\u011bst\u00ed \u201eZku\u0161enost bez vzd\u011bl\u00e1n\u00ed plat\u00ed v\u00edce ne\u017e naopak vzd\u011bl\u00e1n\u00ed bez zku\u0161enosti.\u201c \u2014&nbsp; Quintus Ennius \u0159\u00edmsk\u00fd spisovatel -239 &#8211; -169 p\u0159. n. l. Poj\u010fme pop\u0159emej\u0161let \u010d\u00edm obohatit leto\u0161n\u00ed t\u00e1bory z pohledu dovednost\u00ed, her a z\u00e1\u017eitk\u016f. Doba je &hellip; <\/p>\n<p class=\"link-more\"><a href=\"https:\/\/www.eldorado.cz\/?page_id=149\" class=\"more-link\">Pokra\u010dovat ve \u010dten\u00ed<span class=\"screen-reader-text\"> &#8222;P\u0159emej\u0161l\u00edm 2022&#8220;<\/span><\/a><\/p>\n","protected":false},"author":1,"featured_media":0,"parent":0,"menu_order":0,"comment_status":"closed","ping_status":"closed","template":"","meta":{"footnotes":""},"class_list":["post-149","page","type-page","status-publish","hentry"],"_links":{"self":[{"href":"https:\/\/www.eldorado.cz\/index.php?rest_route=\/wp\/v2\/pages\/149","targetHints":{"allow":["GET"]}}],"collection":[{"href":"https:\/\/www.eldorado.cz\/index.php?rest_route=\/wp\/v2\/pages"}],"about":[{"href":"https:\/\/www.eldorado.cz\/index.php?rest_route=\/wp\/v2\/types\/page"}],"author":[{"embeddable":true,"href":"https:\/\/www.eldorado.cz\/index.php?rest_route=\/wp\/v2\/users\/1"}],"replies":[{"embeddable":true,"href":"https:\/\/www.eldorado.cz\/index.php?rest_route=%2Fwp%2Fv2%2Fcomments&post=149"}],"version-history":[{"count":10,"href":"https:\/\/www.eldorado.cz\/index.php?rest_route=\/wp\/v2\/pages\/149\/revisions"}],"predecessor-version":[{"id":165,"href":"https:\/\/www.eldorado.cz\/index.php?rest_route=\/wp\/v2\/pages\/149\/revisions\/165"}],"wp:attachment":[{"href":"https:\/\/www.eldorado.cz\/index.php?rest_route=%2Fwp%2Fv2%2Fmedia&parent=149"}],"curies":[{"name":"wp","href":"https:\/\/api.w.org\/{rel}","templated":true}]}}